{"id":5,"date":"2019-01-14T08:42:12","date_gmt":"2019-01-14T07:42:12","guid":{"rendered":"http:\/\/pixelgrade.com\/demos\/rosa2\/?page_id=5"},"modified":"2022-04-07T20:56:36","modified_gmt":"2022-04-07T18:56:36","slug":"unique-metal-art-objects","status":"publish","type":"page","link":"https:\/\/pimtimmermans.com\/de\/","title":{"rendered":"Home"},"content":{"rendered":"<div class=\"pixcode  pixcode--grid  grid\" >\n\t\t\t<div class=\"island grid__item eight-twelfths palm-one-whole\" >\n\t\t\n<hgroup class=\"pixcode  pixcode--heading article__headline\">\n\t<h2 class=\"headline__secondary\"><span class=\"first-letter\">M<\/span>etal<\/h2>\n\t<h1 class=\"headline__primary\">Art &amp; Design<\/h1>\n<\/hgroup>\n<p>&nbsp;<\/p>\n<div class=\"pixcode  pixcode--separator  separator separator--flower separator_color--color\">&#10043;<\/div>\n\n<h4 style=\"text-align: center;\"><span style=\"color: #79b526;\"><strong>If art was an apple,<br \/>\ncreativity is the PiT...<\/strong><\/span><\/h4>\n<p style=\"text-align: center;\">De persoon achter PiT Art &amp; Design is Pim Timmermans.<br \/>\nIk woon samen met mijn partner Marc, in het Midden-Limburgse Heythuysen.<\/p>\n<p style=\"text-align: center;\"><strong>Metal Art&#8230;<\/strong><br \/>\nW\u00e4hrend meiner Arbeit als Produkt Data Ingenieur bei eine Maschinenfabrik, sehe ich regelm\u00e4\u00dfig welche  Materialien und Techniken verwendet werden, um neue Maschinenteile zu konstruieren oder bestehende Teile zu \u00fcberholen\/modernisieren. \n\nDie Vielf\u00e4ltigkeit der Formen, Qualit\u00e4t, aber auch Farben dieser verschiedenen Materialien ist, was mich fasziniert. Diese Faszination hat meine kreative Seite dazu geweckt, diese in meinen Augen besonderen Metallobjekte in eine zug\u00e4ngliche  Kunst zu verarbeiten.<\/p>\n<p style=\"text-align: center;\">In den t\u00e4glichen Grundstoffen und Materialien f\u00fcr den Maschinenbau sehe Ich das Potential f\u00fcr ein Kunstwerk. Ob dies beispielsweise Lampen \u201csch\u00f6n-zu-betrachten-Objekte\u201d, kleinere Tische, Gartenstecker oder selbst bewegliche Gartenobjekte\/Kunstwerke sind, jedes Kunstwerk ist durch die Kombination von den in diesem Moment verf\u00fcgbaren Materialien einzigartig.<\/p>\n<p style=\"text-align: center;\">Die Kunstwerke sind manchmal exzentrischer oder aber dezenter, immer jedoch mit viel Liebe und Aufmerksamkeit f\u00fcr das Material und die Form gemacht.\nHierdurch r\u00fcckt das \u201cStahlprodukt\u201d auf einmal in den Fokus und entfaltet seine ganze \u00c4sthetik \/ Sch\u00f6nheit.<\/p>\n<p style=\"text-align: center;\"><strong><em>Pim Timmermans<\/em><\/strong><\/p>\n\t<\/div>\n\t<div class=\"grid__item three-twelfths palm-one-whole\" >\n\t\t\n<p>&nbsp;<\/p>\n<p><img loading=\"lazy\" class=\"aligncenter wp-image-697 size-medium\" src=\"http:\/\/pimtimmermans.com\/wp-content\/uploads\/2014\/05\/homepage-pit-art-design-lr-200x300.jpg\" alt=\"\" width=\"200\" height=\"300\" srcset=\"https:\/\/pimtimmermans.com\/wp-content\/uploads\/2014\/05\/homepage-pit-art-design-lr-200x300.jpg 200w, https:\/\/pimtimmermans.com\/wp-content\/uploads\/2014\/05\/homepage-pit-art-design-lr-768x1152.jpg 768w, https:\/\/pimtimmermans.com\/wp-content\/uploads\/2014\/05\/homepage-pit-art-design-lr-683x1024.jpg 683w, https:\/\/pimtimmermans.com\/wp-content\/uploads\/2014\/05\/homepage-pit-art-design-lr-900x1350.jpg 900w, https:\/\/pimtimmermans.com\/wp-content\/uploads\/2014\/05\/homepage-pit-art-design-lr-400x600.jpg 400w, https:\/\/pimtimmermans.com\/wp-content\/uploads\/2014\/05\/homepage-pit-art-design-lr.jpg 1000w\" sizes=\"(max-width: 200px) 100vw, 200px\" \/><br \/>\n<img loading=\"lazy\" class=\"aligncenter wp-image-708\" src=\"http:\/\/pimtimmermans.com\/wp-content\/uploads\/2014\/05\/pit-art-design-stalen-appel-logo-lr-817x1024.jpg\" alt=\"\" width=\"200\" height=\"251\" srcset=\"https:\/\/pimtimmermans.com\/wp-content\/uploads\/2014\/05\/pit-art-design-stalen-appel-logo-lr-817x1024.jpg 817w, https:\/\/pimtimmermans.com\/wp-content\/uploads\/2014\/05\/pit-art-design-stalen-appel-logo-lr-239x300.jpg 239w, https:\/\/pimtimmermans.com\/wp-content\/uploads\/2014\/05\/pit-art-design-stalen-appel-logo-lr-768x962.jpg 768w, https:\/\/pimtimmermans.com\/wp-content\/uploads\/2014\/05\/pit-art-design-stalen-appel-logo-lr-900x1128.jpg 900w, https:\/\/pimtimmermans.com\/wp-content\/uploads\/2014\/05\/pit-art-design-stalen-appel-logo-lr-400x501.jpg 400w, https:\/\/pimtimmermans.com\/wp-content\/uploads\/2014\/05\/pit-art-design-stalen-appel-logo-lr.jpg 1000w\" sizes=\"(max-width: 200px) 100vw, 200px\" \/><img loading=\"lazy\" class=\"aligncenter wp-image-1512\" src=\"http:\/\/pimtimmermans.com\/wp-content\/uploads\/2019\/01\/logo-e-mail-pit-art-design-300x76.jpg\" alt=\"\" width=\"200\" height=\"50\" srcset=\"https:\/\/pimtimmermans.com\/wp-content\/uploads\/2019\/01\/logo-e-mail-pit-art-design-300x76.jpg 300w, https:\/\/pimtimmermans.com\/wp-content\/uploads\/2019\/01\/logo-e-mail-pit-art-design-768x194.jpg 768w, https:\/\/pimtimmermans.com\/wp-content\/uploads\/2019\/01\/logo-e-mail-pit-art-design.jpg 900w, https:\/\/pimtimmermans.com\/wp-content\/uploads\/2019\/01\/logo-e-mail-pit-art-design-400x101.jpg 400w\" sizes=\"(max-width: 200px) 100vw, 200px\" \/><img loading=\"lazy\" class=\"aligncenter wp-image-1007\" src=\"http:\/\/pimtimmermans.com\/wp-content\/uploads\/2014\/05\/klaproos-double-twisted-zon-270x300.jpg\" alt=\"\" width=\"200\" height=\"222\" srcset=\"https:\/\/pimtimmermans.com\/wp-content\/uploads\/2014\/05\/klaproos-double-twisted-zon-270x300.jpg 270w, https:\/\/pimtimmermans.com\/wp-content\/uploads\/2014\/05\/klaproos-double-twisted-zon-768x853.jpg 768w, https:\/\/pimtimmermans.com\/wp-content\/uploads\/2014\/05\/klaproos-double-twisted-zon.jpg 900w, https:\/\/pimtimmermans.com\/wp-content\/uploads\/2014\/05\/klaproos-double-twisted-zon-400x444.jpg 400w\" sizes=\"(max-width: 200px) 100vw, 200px\" \/><\/p>\n\t<\/div>\n\t<\/div>","protected":false},"excerpt":{"rendered":"","protected":false},"author":2,"featured_media":1514,"parent":0,"menu_order":0,"comment_status":"closed","ping_status":"closed","template":"","meta":{"_exactmetrics_skip_tracking":false,"_exactmetrics_sitenote_active":false,"_exactmetrics_sitenote_note":"","_exactmetrics_sitenote_category":0},"yoast_head":"<!-- This site is optimized with the Yoast SEO plugin v18.2 - https:\/\/yoast.com\/wordpress\/plugins\/seo\/ -->\n<meta name=\"description\" content=\"Unique, high quality metal art objects, creatively designed and made with love... Objects consist of material used in machine manufacturing process.\" \/>\n<meta name=\"robots\" content=\"index, follow, max-snippet:-1, max-image-preview:large, max-video-preview:-1\" \/>\n<link rel=\"canonical\" href=\"https:\/\/pimtimmermans.com\/de\/wp-json\/wp\/v2\/pages\/5\" \/>\n<meta property=\"og:locale\" content=\"de_DE\" \/>\n<meta property=\"og:type\" content=\"article\" \/>\n<meta property=\"og:title\" content=\"PiT Art &amp; Design | Unique metal art objects\" \/>\n<meta property=\"og:description\" content=\"Unique, high quality metal art objects, creatively designed and made with love... Objects consist of material used in machine manufacturing process.\" \/>\n<meta property=\"og:url\" content=\"https:\/\/pimtimmermans.com\/de\/\" \/>\n<meta property=\"og:site_name\" content=\"Pim Timmermans\" \/>\n<meta property=\"article:modified_time\" content=\"2022-04-07T18:56:36+00:00\" \/>\n<meta property=\"og:image\" content=\"http:\/\/pimtimmermans.com\/wp-content\/uploads\/2019\/01\/pit-art-design-blue-curlz.jpg\" \/>\n\t<meta property=\"og:image:width\" content=\"1500\" \/>\n\t<meta property=\"og:image:height\" content=\"1000\" \/>\n\t<meta property=\"og:image:type\" content=\"image\/jpeg\" \/>\n<meta name=\"twitter:card\" content=\"summary_large_image\" \/>\n<meta name=\"twitter:label1\" content=\"Gesch\u00e4tzte Lesezeit\" \/>\n\t<meta name=\"twitter:data1\" content=\"1\u00a0Minute\" \/>\n<script type=\"application\/ld+json\" class=\"yoast-schema-graph\">{\"@context\":\"https:\/\/schema.org\",\"@graph\":[{\"@type\":\"WebSite\",\"@id\":\"https:\/\/pimtimmermans.com\/#website\",\"url\":\"https:\/\/pimtimmermans.com\/\",\"name\":\"Pim Timmermans\",\"description\":\"PiT Art &amp; Design - Unique metal art objects\",\"potentialAction\":[{\"@type\":\"SearchAction\",\"target\":{\"@type\":\"EntryPoint\",\"urlTemplate\":\"https:\/\/pimtimmermans.com\/?s={search_term_string}\"},\"query-input\":\"required name=search_term_string\"}],\"inLanguage\":\"de\"},{\"@type\":\"ImageObject\",\"@id\":\"https:\/\/pimtimmermans.com\/#primaryimage\",\"inLanguage\":\"de\",\"url\":\"https:\/\/pimtimmermans.com\/wp-content\/uploads\/2019\/01\/pit-art-design-blue-curlz.jpg\",\"contentUrl\":\"https:\/\/pimtimmermans.com\/wp-content\/uploads\/2019\/01\/pit-art-design-blue-curlz.jpg\",\"width\":1500,\"height\":1000,\"caption\":\"PiT Art &amp; Design Curlz\"},{\"@type\":\"WebPage\",\"@id\":\"https:\/\/pimtimmermans.com\/#webpage\",\"url\":\"https:\/\/pimtimmermans.com\/\",\"name\":\"PiT Art & Design | Unique metal art objects\",\"isPartOf\":{\"@id\":\"https:\/\/pimtimmermans.com\/#website\"},\"primaryImageOfPage\":{\"@id\":\"https:\/\/pimtimmermans.com\/#primaryimage\"},\"datePublished\":\"2019-01-14T07:42:12+00:00\",\"dateModified\":\"2022-04-07T18:56:36+00:00\",\"description\":\"Unique, high quality metal art objects, creatively designed and made with love... Objects consist of material used in machine manufacturing process.\",\"breadcrumb\":{\"@id\":\"https:\/\/pimtimmermans.com\/#breadcrumb\"},\"inLanguage\":\"de\",\"potentialAction\":[{\"@type\":\"ReadAction\",\"target\":[\"https:\/\/pimtimmermans.com\/\"]}]},{\"@type\":\"BreadcrumbList\",\"@id\":\"https:\/\/pimtimmermans.com\/#breadcrumb\",\"itemListElement\":[{\"@type\":\"ListItem\",\"position\":1,\"name\":\"Home\",\"item\":\"https:\/\/pimtimmermans.com\/\"},{\"@type\":\"ListItem\",\"position\":2,\"name\":\"Home\"}]}]}<\/script>\n<!-- \/ Yoast SEO plugin. -->","yoast_head_json":{"description":"Unique, high quality metal art objects, creatively designed and made with love... Objects consist of material used in machine manufacturing process.","robots":{"index":"index","follow":"follow","max-snippet":"max-snippet:-1","max-image-preview":"max-image-preview:large","max-video-preview":"max-video-preview:-1"},"canonical":"https:\/\/pimtimmermans.com\/de\/wp-json\/wp\/v2\/pages\/5","og_locale":"de_DE","og_type":"article","og_title":"PiT Art & Design | Unique metal art objects","og_description":"Unique, high quality metal art objects, creatively designed and made with love... Objects consist of material used in machine manufacturing process.","og_url":"https:\/\/pimtimmermans.com\/de\/","og_site_name":"Pim Timmermans","article_modified_time":"2022-04-07T18:56:36+00:00","og_image":[{"width":1500,"height":1000,"url":"http:\/\/pimtimmermans.com\/wp-content\/uploads\/2019\/01\/pit-art-design-blue-curlz.jpg","type":"image\/jpeg"}],"twitter_card":"summary_large_image","twitter_misc":{"Gesch\u00e4tzte Lesezeit":"1\u00a0Minute"},"schema":{"@context":"https:\/\/schema.org","@graph":[{"@type":"WebSite","@id":"https:\/\/pimtimmermans.com\/#website","url":"https:\/\/pimtimmermans.com\/","name":"Pim Timmermans","description":"PiT Art &amp; Design - Unique metal art objects","potentialAction":[{"@type":"SearchAction","target":{"@type":"EntryPoint","urlTemplate":"https:\/\/pimtimmermans.com\/?s={search_term_string}"},"query-input":"required name=search_term_string"}],"inLanguage":"de"},{"@type":"ImageObject","@id":"https:\/\/pimtimmermans.com\/#primaryimage","inLanguage":"de","url":"https:\/\/pimtimmermans.com\/wp-content\/uploads\/2019\/01\/pit-art-design-blue-curlz.jpg","contentUrl":"https:\/\/pimtimmermans.com\/wp-content\/uploads\/2019\/01\/pit-art-design-blue-curlz.jpg","width":1500,"height":1000,"caption":"PiT Art &amp; Design Curlz"},{"@type":"WebPage","@id":"https:\/\/pimtimmermans.com\/#webpage","url":"https:\/\/pimtimmermans.com\/","name":"PiT Art & Design | Unique metal art objects","isPartOf":{"@id":"https:\/\/pimtimmermans.com\/#website"},"primaryImageOfPage":{"@id":"https:\/\/pimtimmermans.com\/#primaryimage"},"datePublished":"2019-01-14T07:42:12+00:00","dateModified":"2022-04-07T18:56:36+00:00","description":"Unique, high quality metal art objects, creatively designed and made with love... Objects consist of material used in machine manufacturing process.","breadcrumb":{"@id":"https:\/\/pimtimmermans.com\/#breadcrumb"},"inLanguage":"de","potentialAction":[{"@type":"ReadAction","target":["https:\/\/pimtimmermans.com\/"]}]},{"@type":"BreadcrumbList","@id":"https:\/\/pimtimmermans.com\/#breadcrumb","itemListElement":[{"@type":"ListItem","position":1,"name":"Home","item":"https:\/\/pimtimmermans.com\/"},{"@type":"ListItem","position":2,"name":"Home"}]}]}},"_links":{"self":[{"href":"https:\/\/pimtimmermans.com\/de\/wp-json\/wp\/v2\/pages\/5"}],"collection":[{"href":"https:\/\/pimtimmermans.com\/de\/wp-json\/wp\/v2\/pages"}],"about":[{"href":"https:\/\/pimtimmermans.com\/de\/wp-json\/wp\/v2\/types\/page"}],"author":[{"embeddable":true,"href":"https:\/\/pimtimmermans.com\/de\/wp-json\/wp\/v2\/users\/2"}],"replies":[{"embeddable":true,"href":"https:\/\/pimtimmermans.com\/de\/wp-json\/wp\/v2\/comments?post=5"}],"version-history":[{"count":55,"href":"https:\/\/pimtimmermans.com\/de\/wp-json\/wp\/v2\/pages\/5\/revisions"}],"predecessor-version":[{"id":1831,"href":"https:\/\/pimtimmermans.com\/de\/wp-json\/wp\/v2\/pages\/5\/revisions\/1831"}],"wp:featuredmedia":[{"embeddable":true,"href":"https:\/\/pimtimmermans.com\/de\/wp-json\/wp\/v2\/media\/1514"}],"wp:attachment":[{"href":"https:\/\/pimtimmermans.com\/de\/wp-json\/wp\/v2\/media?parent=5"}],"curies":[{"name":"wp","href":"https:\/\/api.w.org\/{rel}","templated":true}]}}